{"id":328,"date":"2016-12-11T18:08:56","date_gmt":"2016-12-11T18:08:56","guid":{"rendered":"http:\/\/www.benu-verlag.de\/?page_id=328"},"modified":"2018-05-19T09:25:21","modified_gmt":"2018-05-19T09:25:21","slug":"datenschutzbelehrung","status":"publish","type":"page","link":"https:\/\/www.benu-verlag.de\/?page_id=328","title":{"rendered":"Datenschutz"},"content":{"rendered":"<p><strong>Grundsatz<\/strong><\/p>\n<p>Diese Datenschutzerkl\u00e4rung kl\u00e4rt Nutzer \u00fcber die Art, den Umfang und Zwecke der Erhebung und Verwendung personenbezogener Daten durch den verantwortlichen Anbieter (Benu Verlag, Bernward Schneider, Bauernwiese 14, 31139 Hildesheim, email@benu-verlag.de) auf dieser Website auf.<br \/>\nIch komme hiermit meinen gesetzlichen Verpflichtungen insbesondere aus dem Telemediengesetz (TMG) und der europ\u00e4ischen Datenschutz-Grundverordnung (EU-DSGVO, EU 2016\/679) insbesondere Artikel 13 und 14, sowie Artikel 26 Abs. 2 nach.<\/p>\n<p>Der Benu Verlag erhebt und speichert automatisch personenbezogene Daten zu Ihrer Identit\u00e4t, wenn Sie Bestellungen aufgeben oder Kontakt mit dem Verlag aufnehmen. Dabei beschr\u00e4nkt sich die Erhebung und Speicherung der personenbezogenen Daten auf die zur Beantwortung Ihrer Anfragen, zur Abwicklung der mit Ihnen geschlossenen Vertr\u00e4ge und f\u00fcr die technische Administration notwendigen Informationen. Dies sind: Namen, E-Mail-Adresse und Anschrift sowie falls angegeben Ihre Telefonnummer. <\/p>\n<p>Ihre Informationen werden auch genutzt, um mit Ihnen \u00fcber Bestellungen, Produkte, Dienstleistungen und \u00fcber Marketingangebote zu kommunizieren und Sie \u00fcber weitere Ver\u00f6ffentlichungen schriftlich oder mit E-Mail zu informieren. Personenbezogene Daten \u00fcber die Inanspruchnahme der Internetseiten (Nutzungsdaten) des Verlags werden nicht erhoben. Alle \u00fcbermittelten Daten werden vertraulich behandelt und nicht ohne Ihre Einwilligung an Dritte weiter gegeben, es sei denn zur Erm\u00f6glichung der Durchf\u00fchrung technischer, logistischer oder anderer Dienstleistungen im Auftrag des Verlags. Ihre Informationen dienen auch dazu, einem Missbrauch der Website vorzubeugen.<\/p>\n<p>Sofern der Benu Verlag entsprechende Zahlungsm\u00f6glichkeiten anbietet, werden auch Daten zur Bankverbindung, Kreditkarten-Nr. usw. gespeichert. In diesem Falle werden die Daten \u2013 soweit notwendig \u2013 auch zur Abwicklung des Zahlungsverkehrs eingesetzt und an die entsprechenden Kreditinstitute weitergegeben.<\/p>\n<p>Wenn Sie auf die Webseite des Benu Verlags zugreifen, werden automatisch Informationen allgemeiner Natur erfasst. Diese Informationen (Server-Logfiles) beinhalten etwa die Art des Webbrowsers, das verwendete Betriebssystem, den Domainnamen Ihres Internet Service Providers und \u00c4hnliches. Hierbei handelt es sich ausschlie\u00dflich um Informationen, welche keine R\u00fcckschl\u00fcsse auf Ihre Person zulassen. Diese Informationen sind technisch notwendig, um von Ihnen angeforderte Inhalte von Webseiten korrekt auszuliefern und fallen bei Nutzung des Internets zwingend an. Anonyme Informationen dieser Art werden statistisch ausgewertet, um den Internetauftritt des Verlags und die dahinterstehende Technik zu optimieren. <\/p>\n<p>Die Speicherung der personenbezogenen Daten erfolgt nur im zur Zweckerf\u00fcllung n\u00f6tigen Umfang. Die Speicherdauer richtet sich nach den gesetzlichen Vorgaben und der Dauer der vertraglichen Beziehung. Sollten die Daten nicht mehr genutzt werden, werden sie im Rahmen der gesetzlichen Vorschriften anonymisiert und\/oder gel\u00f6scht.<\/p>\n<p><strong>Einsatz von Cookies<\/strong><\/p>\n<p>Um den Besuch der Website des Benu Verlags attraktiv zu gestalten und die Nutzung bestimmter Funktionen zu erm\u00f6glichen, werden auf verschiedenen Seiten sogenannte Cookies verwendet. Hierbei handelt es sich um kleine Textdateien, die auf Ihrem Endger\u00e4t abgelegt werden. Die meisten der auf den Seiten des Verlags verwendeten Cookies sind so genannte \u201eSession-Cookies\u201c. Sie werden nach Ende Ihres Besuchs automatisch gel\u00f6scht. Cookies richten auf Ihrem Rechner keinen Schaden an und enthalten keine Viren.<\/p>\n<p><strong>Amazon-Partnerprogramm<\/strong><\/p>\n<p>Der Benu Verlag ist Teilnehmer des Partnerprogramms von Amazon EU, das zur Bereitstellung eines Mediums f\u00fcr Websites konzipiert wurde, mittels dessen durch die Platzierung von Werbeanzeigen und Links zu Amazon.de Werbekostenerstattung verdient werden kann. Amazon setzt Cookies ein, um die Herkunft der Bestellungen nachvollziehen zu k\u00f6nnen. Unter anderem kann Amazon erkennen, dass Sie den Partnerlink auf dieser Website geklickt haben. Weitere Informationen zur Datennutzung durch Amazon erhalten Sie in der Datenschutzerkl\u00e4rung von Amazon (http:\/\/www.amazon.de\/gp\/help\/customer\/display.html\/ref=footer_privacy?ie=UTF8&#038;nodeId=3312401).<\/p>\n<p><strong>Links auf andere Internetseiten<\/strong><\/p>\n<p>Soweit von dem Internetangebot des Verlags auf die Webseiten Dritter verwiesen oder verlinkt wird, kann keine Gew\u00e4hr und Haftung f\u00fcr die Richtigkeit bzw. Vollst\u00e4ndigkeit der Inhalte und die Datensicherheit dieser Websites \u00fcbernommen werden. Da der Verlag keinen Einfluss auf die Einhaltung datenschutzrechtlicher Bestimmungen durch Dritte hat, sollten Sie die jeweils angebotenen Datenschutzerkl\u00e4rungen gesondert pr\u00fcfen.<\/p>\n<p><strong>Auskunftsrecht<\/strong><\/p>\n<p>Sie haben jederzeit das Recht auf Auskunft \u00fcber die bez\u00fcglich Ihrer Person gespeicherten Daten, deren Herkunft und Empf\u00e4nger sowie den Zweck der Speicherung. Auskunft \u00fcber die gespeicherten Daten erhalten Sie \u00fcber eine Anfrage an email@benu-verlag.de.<\/p>\n<p><strong>Widerruf der Datenspeicherung<\/strong><\/p>\n<p>Sie haben Anspruch auf die L\u00f6schung Ihrer pers\u00f6nlichen Daten, soweit der Benu Verlag nicht zu deren Aufbewahrung gesetzlich verpflichtet ist. Falls Sie dies w\u00fcnschen oder eine Zustimmung zur Datenerhebung widerrufen wollen, senden Sie bitte eine E-Mail an: email@benu-verlag.de.<\/p>\n","protected":false},"excerpt":{"rendered":"<p>Grundsatz Diese Datenschutzerkl\u00e4rung kl\u00e4rt Nutzer \u00fcber die Art, den Umfang und Zwecke der Erhebung und Verwendung personenbezogener Daten durch den verantwortlichen Anbieter (Benu Verlag, Bernward&#8230;<\/p>\n<div class=\"more-link-wrapper\"><a class=\"more-link\" href=\"https:\/\/www.benu-verlag.de\/?page_id=328\">Weiterlesen<span class=\"screen-reader-text\">Datenschutz<\/span><\/a><\/div>\n","protected":false},"author":1,"featured_media":0,"parent":0,"menu_order":0,"comment_status":"closed","ping_status":"closed","template":"","meta":{"footnotes":""},"class_list":["post-328","page","type-page","status-publish","hentry","entry"],"_links":{"self":[{"href":"https:\/\/www.benu-verlag.de\/index.php?rest_route=\/wp\/v2\/pages\/328","targetHints":{"allow":["GET"]}}],"collection":[{"href":"https:\/\/www.benu-verlag.de\/index.php?rest_route=\/wp\/v2\/pages"}],"about":[{"href":"https:\/\/www.benu-verlag.de\/index.php?rest_route=\/wp\/v2\/types\/page"}],"author":[{"embeddable":true,"href":"https:\/\/www.benu-verlag.de\/index.php?rest_route=\/wp\/v2\/users\/1"}],"replies":[{"embeddable":true,"href":"https:\/\/www.benu-verlag.de\/index.php?rest_route=%2Fwp%2Fv2%2Fcomments&post=328"}],"version-history":[{"count":6,"href":"https:\/\/www.benu-verlag.de\/index.php?rest_route=\/wp\/v2\/pages\/328\/revisions"}],"predecessor-version":[{"id":799,"href":"https:\/\/www.benu-verlag.de\/index.php?rest_route=\/wp\/v2\/pages\/328\/revisions\/799"}],"wp:attachment":[{"href":"https:\/\/www.benu-verlag.de\/index.php?rest_route=%2Fwp%2Fv2%2Fmedia&parent=328"}],"curies":[{"name":"wp","href":"https:\/\/api.w.org\/{rel}","templated":true}]}}