{"id":736,"date":"2018-05-21T18:15:53","date_gmt":"2018-05-21T18:15:53","guid":{"rendered":"http:\/\/www.benu-verlag.de\/?page_id=736"},"modified":"2018-12-22T16:44:59","modified_gmt":"2018-12-22T16:44:59","slug":"e-bulwer-lytton","status":"publish","type":"page","link":"https:\/\/www.benu-verlag.de\/?page_id=736","title":{"rendered":"Edward Bulwer-Lytton"},"content":{"rendered":"\n<p><\/p>\n\n\n<p><strong>Fantastische Romane des 19. Jahrhunderts<\/strong><\/p>\n\n<table id=\"tablepress-15\" class=\"tablepress tablepress-id-15 tbody-has-connected-cells\">\n<tbody>\n<tr class=\"row-1\">\n\t<td rowspan=\"3\" class=\"column-1\">Edward Bulwer-Lytton, geboren am 25. Mai 1803 <br \/>\nin London, schuf ein vielseitiges literarisches Werk. <br \/>\nBer\u00fchmt sind nicht nur seine historischen Romane <br \/>\n\"Die letzten Tage von Pompeji\" und \"Rienzi\", <br \/>\nsondern auch seine fantastisch-okkulten Werke, <br \/>\nzu denen die Romane \"Zanoni\", \"Eine seltsame <br \/>\nGeschichte\", \"Das Geschlecht der Zukunft\" und <br \/>\ndie Erz\u00e4hlung \"Das Haus des schwarzen Magiers\" geh\u00f6ren. <br \/>\nDas Fantastische war f\u00fcr Bulwer eine ernst zu <br \/>\nnehmende Angelegenheit, eine Auseinander-<br \/>\nsetzung mit den tiefsten Geheimnissen des <br \/>\nUniversums, und darin liegt auch die gro\u00dfe <br \/>\nAnziehungskraft seiner fantastischen Romane <br \/>\nbegr\u00fcndet.<br \/>\nSchon in seinem sp\u00e4ter bekanntesten Roman <br \/>\n\"Die letzten Tage von Pompeji\" hatte sich Bulwer <br \/>\nmit dem Einfluss besch\u00e4ftigt, den der Isis-Kult <br \/>\nim Rom des ersten nachchristlichen Jahrhunderts <br \/>\naus\u00fcbte, doch erst mit \"Zanoni\" aus dem Jahr <br \/>\n1842, das seit seinem Erscheinen im Ruf eines <br \/>\nokkulten Einweihungsromans stand, hatte er <br \/>\nseine eingehende Besch\u00e4ftigung mit mystischen <br \/>\nGeheimlehren und okkulten Wissenschaften <br \/>\ndokumentiert. Den Ruf von \"Zanoni\" als eines <br \/>\nokkulten Einweihungsromans hatte der Autor <br \/>\nselbst durch sein Vorwort begr\u00fcndet, in dem <br \/>\ner andeutete, Eingeweihter und Angeh\u00f6riger <br \/>\neiner \u00bbEwigen Bruderschaft\u00ab zu sein, und noch <br \/>\ndrei Jahre nach der Ver\u00f6ffentlichung schrieb er <br \/>\n\u00fcber das Buch: \u00bbIch liebe es um nichts weniger, <br \/>\nweil es kaum verstanden und von der breiten <br \/>\nMasse oberfl\u00e4chlich beurteilt wird. Es ist nicht <br \/>\nf\u00fcr sie bestimmt.\u00ab<br \/>\nNicht anders als \"Zanoni\" schildert auch die <br \/>\nSpukhaus-Erz\u00e4hlung \"Das Haus des schwarzen <br \/>\nMagiers\" (Originaltitel: The Haunted and the <br \/>\nHaunters) von 1859 keine blo\u00dfe Fantasie des <br \/>\nAutors, sondern stellt eine reale Begebenheit <br \/>\ndar, die auf Bulwers Besch\u00e4ftigung mit <br \/>\nokkulten Geheimlehren zur\u00fcckgeht.<br \/>\nMit der Schilderung und Beschreibung <br \/>\nau\u00dferordentlicher und \u00fcbernat\u00fcrlich <br \/>\nerscheinender Ph\u00e4nomene wirkt Bulwers <br \/>\nSpukhaus-Erz\u00e4hlung wie ein Vorgriff auf <br \/>\n\"Eine seltsame Geschichte\" (Original: <br \/>\nA Strange Story) aus dem Jahr 1862, <br \/>\ndem weit umfangreicheren und vielleicht <br \/>\nbesten Roman von Bulwer-Lytton. Auch <br \/>\ndieser okkulte Roman nimmt das Thema <br \/>\nder Einweihung auf und fokussiert dabei <br \/>\neinen Aspekt, der schon in \"Zanoni\" eine <br \/>\nwichtige Rolle spielt: Bulwer warnt vor den <br \/>\nGefahren, die dem Suchenden auf dem <br \/>\nm\u00fchevollen Weg zu Erleuchtung und <br \/>\nUnsterblichkeit begegnen k\u00f6nnen. <br \/>\nIn der \"Seltsamen Geschichte\", die zugleich <br \/>\neine spannende Kriminalerz\u00e4hlung ist, hat <br \/>\nBulwer nicht den t\u00f6richten Neuling \u2013 wie <br \/>\nGlyndon in Zanoni \u2013 vor Augen, der die <br \/>\nGefahren unter- und die eigenen <br \/>\nM\u00f6glichkeiten \u00fcbersch\u00e4tzt, sondern den <br \/>\n\u00bbb\u00f6sen\u00ab Eingeweihten, der die rechten <br \/>\nMittel wohl kennt und zu benutzen versteht, <br \/>\nder aber die falschen Einstellung zum <br \/>\nStein der Weisen hat und die rechten Mittel <br \/>\nf\u00fcr die Verfolgung eigens\u00fcchtiger Ziele <br \/>\nzweckentfremdet, sodass auch er am <br \/>\nEnde sein eigenes Scheitern herbeif\u00fchrt.<br \/>\nEin ganz anderes Thema verfolgt der <br \/>\nfantastische Kurzroman \"Das Geschlecht <br \/>\nder Zukunft\" (Original: The Coming Race). <br \/>\nDer Roman geh\u00f6rt zu Bulwer-Lyttons <br \/>\nSp\u00e4twerk und ist wahrscheinlich sein am <br \/>\nmeisten missverstandenes Buch. In dem <br \/>\nRoman beschreibt Bulwer eine unterirdisch <br \/>\nlebende Gesellschaft, die Vril-ya, die eine <br \/>\ngeheime Kraft beherrscht. Dieser Mythos <br \/>\nlebte sp\u00e4ter in der Vril-Gesellschaft fort und <br \/>\nwurde von den Nationalsozialisten f\u00fcr ihre <br \/>\nRassetheorien vereinnahmt und entfremdet. <br \/>\nDer Roman, in dem Bulwer-Lytton \u2013 ganz <br \/>\nim Gegensatz zu den sp\u00e4teren <br \/>\nRassetheorien \u2013 vor der H\u00f6herentwicklung des <br \/>\nMenschen in Richtung einer Gesellschaft der <br \/>\nVril-ya warnte, gilt heute als eine der ersten <br \/>\nScience Fiction-Geschichten.<br \/>\nBulwer war nicht nur Schriftsteller und Okkultist, <br \/>\nsondern hatte auch eine beachtliche politische <br \/>\nKarriere vorzuweisen. Er war lange Jahre <br \/>\nMitglied des britischen Unterhauses <br \/>\nund f\u00fcr eine kurze Zeit Kolonialminister. <br \/>\nNachdem ihm im Jahr 1843 das elterliche Erbe <br \/>\nzugefallen war, setzte er seinem Nachnamen <br \/>\n\u203aBulwer\u2039 dem Wunsche der Mutter <br \/>\nentsprechend den Zusatz \u203aLytton\u2039 hinzu. <br \/>\nIm Jahr 1866 wurde er als Baron Lytton zum <br \/>\nPeer ernannt. Bulwer-Lytton starb am <br \/>\n18. Januar 1873 in Torquay.<br \/>\n<\/td><td class=\"column-2\"><strong>Die nachfolgenden<br \/>\nBildlinks f\u00fchren auf<br \/>\ndie Angebotsseiten<br \/>\nvon Amazon.<\/strong><br \/>\n(Soweit vorr\u00e4tig, k\u00f6nnen<br \/>\neinzelne Titel auch \u00fcber <br \/>\nden Shop direkt beim<br \/>\nVerlag bestellt werden).<br \/>\n<br \/>\n<a target=\"_blank\" href=\"https:\/\/www.amazon.de\/gp\/product\/3934826032\/ref=as_li_tl?ie=UTF8&amp;camp=1638&amp;creative=6742&amp;creativeASIN=3934826032&amp;linkCode=as2&amp;tag=benuverlag-21&amp;linkId=579ab8d329afecdc89476deb88c7a40f\" rel=\"noopener\"><img decoding=\"async\" border=\"0\" src=\"\/\/ws-eu.amazon-adsystem.com\/widgets\/q?_encoding=UTF8&amp;MarketPlace=DE&amp;ASIN=3934826032&amp;ServiceVersion=20070822&amp;ID=AsinImage&amp;WS=1&amp;Format=_SL250_&amp;tag=benuverlag-21\" ><\/a><img loading=\"lazy\" decoding=\"async\" src=\"\/\/ir-de.amazon-adsystem.com\/e\/ir?t=benuverlag-21&amp;l=am2&amp;o=3&amp;a=3934826032\" width=\"1\" height=\"1\" border=\"0\" alt=\"\" style=\"border:none !important; margin:0px !important;\" \/><br \/>\n<br \/>\n<a target=\"_blank\" href=\"https:\/\/www.amazon.de\/gp\/product\/3934826008\/ref=as_li_tl?ie=UTF8&amp;camp=1638&amp;creative=6742&amp;creativeASIN=3934826008&amp;linkCode=as2&amp;tag=benuverlag-21&amp;linkId=859be226f17367a8efc941e33ee2b5b3\" rel=\"noopener\"><img decoding=\"async\" border=\"0\" src=\"\/\/ws-eu.amazon-adsystem.com\/widgets\/q?_encoding=UTF8&amp;MarketPlace=DE&amp;ASIN=3934826008&amp;ServiceVersion=20070822&amp;ID=AsinImage&amp;WS=1&amp;Format=_SL250_&amp;tag=benuverlag-21\" ><\/a><img loading=\"lazy\" decoding=\"async\" src=\"\/\/ir-de.amazon-adsystem.com\/e\/ir?t=benuverlag-21&amp;l=am2&amp;o=3&amp;a=3934826008\" width=\"1\" height=\"1\" border=\"0\" alt=\"\" style=\"border:none !important; margin:0px !important;\" \/><br \/>\n<br \/>\n<a target=\"_blank\" href=\"https:\/\/www.amazon.de\/gp\/product\/1980418411\/ref=as_li_tl?ie=UTF8&amp;camp=1638&amp;creative=6742&amp;creativeASIN=1980418411&amp;linkCode=as2&amp;tag=benuverlag-21&amp;linkId=fd3eb0eaaca9e8f8d0506b4bc644d28d\" rel=\"noopener\"><img decoding=\"async\" border=\"0\" src=\"\/\/ws-eu.amazon-adsystem.com\/widgets\/q?_encoding=UTF8&amp;MarketPlace=DE&amp;ASIN=1980418411&amp;ServiceVersion=20070822&amp;ID=AsinImage&amp;WS=1&amp;Format=_SL250_&amp;tag=benuverlag-21\" ><\/a><img loading=\"lazy\" decoding=\"async\" src=\"\/\/ir-de.amazon-adsystem.com\/e\/ir?t=benuverlag-21&amp;l=am2&amp;o=3&amp;a=1980418411\" width=\"1\" height=\"1\" border=\"0\" alt=\"\" style=\"border:none !important; margin:0px !important;\" \/><br \/>\n<br \/>\n<a target=\"_blank\" href=\"https:\/\/www.amazon.de\/gp\/product\/3934826717\/ref=as_li_tl?ie=UTF8&amp;camp=1638&amp;creative=6742&amp;creativeASIN=3934826717&amp;linkCode=as2&amp;tag=benuverlag-21&amp;linkId=3e22cffedd853b01747cd72da513d97d\" rel=\"noopener\"><img decoding=\"async\" border=\"0\" src=\"\/\/ws-eu.amazon-adsystem.com\/widgets\/q?_encoding=UTF8&amp;MarketPlace=DE&amp;ASIN=3934826717&amp;ServiceVersion=20070822&amp;ID=AsinImage&amp;WS=1&amp;Format=_SL250_&amp;tag=benuverlag-21\" ><\/a><img loading=\"lazy\" decoding=\"async\" src=\"\/\/ir-de.amazon-adsystem.com\/e\/ir?t=benuverlag-21&amp;l=am2&amp;o=3&amp;a=3934826717\" width=\"1\" height=\"1\" border=\"0\" alt=\"\" style=\"border:none !important; margin:0px !important;\" \/><\/td>\n<\/tr>\n<tr class=\"row-2\">\n\t<td class=\"column-2\"><\/td>\n<\/tr>\n<tr class=\"row-3\">\n\t<td class=\"column-2\"><\/td>\n<\/tr>\n<\/tbody>\n<\/table>\n<!-- #tablepress-15 from cache -->\n\n\n<p><\/p>\n","protected":false},"excerpt":{"rendered":"<p>Fantastische Romane des 19. Jahrhunderts<\/p>\n","protected":false},"author":1,"featured_media":0,"parent":0,"menu_order":0,"comment_status":"closed","ping_status":"closed","template":"","meta":{"footnotes":""},"class_list":["post-736","page","type-page","status-publish","hentry","entry"],"_links":{"self":[{"href":"https:\/\/www.benu-verlag.de\/index.php?rest_route=\/wp\/v2\/pages\/736","targetHints":{"allow":["GET"]}}],"collection":[{"href":"https:\/\/www.benu-verlag.de\/index.php?rest_route=\/wp\/v2\/pages"}],"about":[{"href":"https:\/\/www.benu-verlag.de\/index.php?rest_route=\/wp\/v2\/types\/page"}],"author":[{"embeddable":true,"href":"https:\/\/www.benu-verlag.de\/index.php?rest_route=\/wp\/v2\/users\/1"}],"replies":[{"embeddable":true,"href":"https:\/\/www.benu-verlag.de\/index.php?rest_route=%2Fwp%2Fv2%2Fcomments&post=736"}],"version-history":[{"count":5,"href":"https:\/\/www.benu-verlag.de\/index.php?rest_route=\/wp\/v2\/pages\/736\/revisions"}],"predecessor-version":[{"id":988,"href":"https:\/\/www.benu-verlag.de\/index.php?rest_route=\/wp\/v2\/pages\/736\/revisions\/988"}],"wp:attachment":[{"href":"https:\/\/www.benu-verlag.de\/index.php?rest_route=%2Fwp%2Fv2%2Fmedia&parent=736"}],"curies":[{"name":"wp","href":"https:\/\/api.w.org\/{rel}","templated":true}]}}