{"id":770,"date":"2018-05-25T11:39:59","date_gmt":"2018-05-25T11:39:59","guid":{"rendered":"http:\/\/www.benu-verlag.de\/?page_id=770"},"modified":"2026-04-16T10:09:10","modified_gmt":"2026-04-16T10:09:10","slug":"edition","status":"publish","type":"page","link":"https:\/\/www.benu-verlag.de\/?page_id=770","title":{"rendered":"Edition Benu"},"content":{"rendered":"\n<p class=\"has-regular-font-size\"><strong>Die nachstehenden Cover-Links der im Benu Verlag erschienenen B\u00fccher von Bernward Schneider f\u00fchren zu den Angebotsseiten von Amazon. Als Amazon-Partner verdiene ich eine Provision, wenn \u00fcber einer der Coverlinks ein Kauf bei Amazon erfolgt.<\/strong><\/p>\n\n\n\n<p><\/p>\n\n\n<div class=\"wp-block-image\">\n<figure class=\"alignleft size-large is-resized\"><a href=\"https:\/\/amzn.to\/3JZ29bI\"><img loading=\"lazy\" decoding=\"async\" width=\"187\" height=\"300\" src=\"https:\/\/www.benu-verlag.de\/wp-content\/uploads\/2024\/05\/Warten-auf-den-Tod-Frontcover-Kopie-187x300.jpg\" alt=\"\" class=\"wp-image-1348\" style=\"aspect-ratio:0.623329459267737;width:227px;height:auto\" srcset=\"https:\/\/www.benu-verlag.de\/wp-content\/uploads\/2024\/05\/Warten-auf-den-Tod-Frontcover-Kopie-187x300.jpg 187w, https:\/\/www.benu-verlag.de\/wp-content\/uploads\/2024\/05\/Warten-auf-den-Tod-Frontcover-Kopie-93x150.jpg 93w, https:\/\/www.benu-verlag.de\/wp-content\/uploads\/2024\/05\/Warten-auf-den-Tod-Frontcover-Kopie-768x1234.jpg 768w, https:\/\/www.benu-verlag.de\/wp-content\/uploads\/2024\/05\/Warten-auf-den-Tod-Frontcover-Kopie-956x1536.jpg 956w, https:\/\/www.benu-verlag.de\/wp-content\/uploads\/2024\/05\/Warten-auf-den-Tod-Frontcover-Kopie-1275x2048.jpg 1275w, https:\/\/www.benu-verlag.de\/wp-content\/uploads\/2024\/05\/Warten-auf-den-Tod-Frontcover-Kopie-325x522.jpg 325w, https:\/\/www.benu-verlag.de\/wp-content\/uploads\/2024\/05\/Warten-auf-den-Tod-Frontcover-Kopie-600x964.jpg 600w, https:\/\/www.benu-verlag.de\/wp-content\/uploads\/2024\/05\/Warten-auf-den-Tod-Frontcover-Kopie-37x60.jpg 37w, https:\/\/www.benu-verlag.de\/wp-content\/uploads\/2024\/05\/Warten-auf-den-Tod-Frontcover-Kopie-56x90.jpg 56w, https:\/\/www.benu-verlag.de\/wp-content\/uploads\/2024\/05\/Warten-auf-den-Tod-Frontcover-Kopie-scaled.jpg 1594w\" sizes=\"auto, (max-width: 187px) 100vw, 187px\" \/><\/a><figcaption class=\"wp-element-caption\"><strong>Bernward Schneider <br>Warten auf den Tod: Sergio Leones vierter Western<\/strong><\/figcaption><\/figure>\n<\/div>\n\n\n<p class=\"has-large-font-size\">Mit seinem Film \u00bbSpiel mir das Lied vom Tod\u00ab (C&#8217;era una volta il West) schuf der italienische Regisseur Sergio Leone (1929 \u2013 1989) im Jahr 1968 ein unerreichtes Meisterwerk, nicht nur des Italowesterns, sondern des Westernfilms \u00fcberhaupt. In seinem Buch \u00bbWarten auf den Tod: Sergio Leones vierter Western\u00ab schildert der Autor die Entstehung des Films von der Idee \u00fcber die Dreharbeiten bis zu seiner Erfolgsgeschichte. Sergio Leones vierter Western handelt vom Tod, das ist sein eigentliches Thema, und tats\u00e4chlich scheint der Tod f\u00fcr all die M\u00e4nner, die in diesem Film ihr Leben lassen, eine vorzugsw\u00fcrdige Alternative gegen\u00fcber einer b\u00fcrgerlichen Existenz zu sein. Nicht, dass Sergio Leones Gestalten unbedingt sterben wollen, aber lieber sehen sie dem Tod ins Auge, als dass sie sich auf einen faulen Kompromiss einlassen w\u00fcrden, den das Leben in einer regulierten und letztlich unfreien Gesellschaft, die sich an die Stelle der Welt zu setzen sucht, die einmal der Westen war, f\u00fcr sie bedeuten w\u00fcrde.<\/p>\n\n\n<div class=\"wp-block-image\">\n<figure class=\"alignleft size-large is-resized\"><a href=\"https:\/\/amzn.to\/4tNAAqB\"><img loading=\"lazy\" decoding=\"async\" width=\"187\" height=\"300\" src=\"https:\/\/www.benu-verlag.de\/wp-content\/uploads\/2026\/03\/Berlin-Finstere-Stadt-1-2-187x300.jpg\" alt=\"\" class=\"wp-image-1378\" style=\"aspect-ratio:0.6233320552716033;width:218px;height:auto\" srcset=\"https:\/\/www.benu-verlag.de\/wp-content\/uploads\/2026\/03\/Berlin-Finstere-Stadt-1-2-187x300.jpg 187w, https:\/\/www.benu-verlag.de\/wp-content\/uploads\/2026\/03\/Berlin-Finstere-Stadt-1-2-94x150.jpg 94w, https:\/\/www.benu-verlag.de\/wp-content\/uploads\/2026\/03\/Berlin-Finstere-Stadt-1-2-768x1230.jpg 768w, https:\/\/www.benu-verlag.de\/wp-content\/uploads\/2026\/03\/Berlin-Finstere-Stadt-1-2-959x1536.jpg 959w, https:\/\/www.benu-verlag.de\/wp-content\/uploads\/2026\/03\/Berlin-Finstere-Stadt-1-2-1279x2048.jpg 1279w, https:\/\/www.benu-verlag.de\/wp-content\/uploads\/2026\/03\/Berlin-Finstere-Stadt-1-2-325x520.jpg 325w, https:\/\/www.benu-verlag.de\/wp-content\/uploads\/2026\/03\/Berlin-Finstere-Stadt-1-2-600x961.jpg 600w, https:\/\/www.benu-verlag.de\/wp-content\/uploads\/2026\/03\/Berlin-Finstere-Stadt-1-2-37x60.jpg 37w, https:\/\/www.benu-verlag.de\/wp-content\/uploads\/2026\/03\/Berlin-Finstere-Stadt-1-2-56x90.jpg 56w, https:\/\/www.benu-verlag.de\/wp-content\/uploads\/2026\/03\/Berlin-Finstere-Stadt-1-2-scaled.jpg 1599w\" sizes=\"auto, (max-width: 187px) 100vw, 187px\" \/><\/a><figcaption class=\"wp-element-caption\"><strong>Bernward Schneider:                   Berlin, Finstere Stadt<\/strong><\/figcaption><\/figure>\n<\/div>\n\n\n<p><\/p>\n\n\n\n<p class=\"has-text-align-left has-large-font-size\">Im November 1938 erreicht die Verfolgung der Juden in Berlin einen neuen H\u00f6hepunkt. Anwalt Eugen Goltz wird von der Variet\u00e9-Chefin Martha Graue beauftragt, einer jungen Frau und einem jungen Mann beizustehen, die wegen kommunistischer Umtriebe und vermeintlicher Rassenschande in das Visier der Gestapo geraten sind. Mitglieder einer finsteren okkulten Gesellschaft haben aus anderen Gr\u00fcnden ein Auge auf das Akrobatenpaar geworfen. Goltz muss an mehreren Fronten k\u00e4mpfen. Die Umst\u00e4nde sind ihm nicht g\u00fcnstig. Er kann den Tod des jungen Mannes nicht verhindern. Seine Suche nach dessen M\u00f6rdern kommt ins Stocken, als die Pogromnacht des 9. November \u00fcber Berlin hereinbricht. Goltz wird verhaftet und ger\u00e4t in allerh\u00f6chste Gefahr.<\/p>\n\n\n\n<p><\/p>\n\n\n<div class=\"wp-block-image\">\n<figure class=\"alignleft size-large is-resized\"><a href=\"https:\/\/amzn.to\/4sEY3JL\"><img loading=\"lazy\" decoding=\"async\" width=\"195\" height=\"300\" src=\"https:\/\/www.benu-verlag.de\/wp-content\/uploads\/2026\/03\/Sarajevo-Cover-2-195x300.jpg\" alt=\"\" class=\"wp-image-1379\" style=\"aspect-ratio:0.6499952200682333;width:227px;height:auto\" srcset=\"https:\/\/www.benu-verlag.de\/wp-content\/uploads\/2026\/03\/Sarajevo-Cover-2-195x300.jpg 195w, https:\/\/www.benu-verlag.de\/wp-content\/uploads\/2026\/03\/Sarajevo-Cover-2-97x150.jpg 97w, https:\/\/www.benu-verlag.de\/wp-content\/uploads\/2026\/03\/Sarajevo-Cover-2-768x1184.jpg 768w, https:\/\/www.benu-verlag.de\/wp-content\/uploads\/2026\/03\/Sarajevo-Cover-2-997x1536.jpg 997w, https:\/\/www.benu-verlag.de\/wp-content\/uploads\/2026\/03\/Sarajevo-Cover-2-1329x2048.jpg 1329w, https:\/\/www.benu-verlag.de\/wp-content\/uploads\/2026\/03\/Sarajevo-Cover-2-325x501.jpg 325w, https:\/\/www.benu-verlag.de\/wp-content\/uploads\/2026\/03\/Sarajevo-Cover-2-600x925.jpg 600w, https:\/\/www.benu-verlag.de\/wp-content\/uploads\/2026\/03\/Sarajevo-Cover-2-39x60.jpg 39w, https:\/\/www.benu-verlag.de\/wp-content\/uploads\/2026\/03\/Sarajevo-Cover-2-58x90.jpg 58w, https:\/\/www.benu-verlag.de\/wp-content\/uploads\/2026\/03\/Sarajevo-Cover-2-scaled.jpg 1661w\" sizes=\"auto, (max-width: 195px) 100vw, 195px\" \/><\/a><figcaption class=\"wp-element-caption\"><strong>Bernward Schneider          Unternehmen Sarajevo<\/strong><\/figcaption><\/figure>\n<\/div>\n\n\n<p class=\"has-large-font-size\">Am 27. August 1913 erschie\u00dft der Thronfolger Franz Ferdinand von \u00d6sterreich-Ungarn an seinem Jagdstand nahe Golling im Salzburger Land eine wei\u00dfe Gams. Jeder Gebirgsj\u00e4ger in den Ostalpen kennt die Sage vom Zlatorog, nach der die Erlegung eines wei\u00dfen Wildes dem Sch\u00fctzen Ungl\u00fcck bringt. Doch Franz-Ferdinand teilt den Aberglauben der Gebirgsj\u00e4ger nicht. Im folgenden Jahr reist er zusammen mit seiner Gattin Sophie zum Staatsbesuch nach Sarajevo. Zur selben Zeit betreibt der Sekret\u00e4r Benno Siebert an der russischen Botschaft in London Spionage im Auftrag der deutschen Regierung. Er ahnt, dass eine m\u00e4chtige Elite plant, die Welt in einen gro\u00dfen Krieg zu st\u00fcrzen, und nur noch auf den rechten Anlass daf\u00fcr wartet. Siebert unternimmt alles, um die b\u00f6se Entwicklung zu verhindern. Doch seine Feinde sind bereits auf ihn aufmerksam geworden. \u2013 Ein spannender historischer Roman, der den Ausbruch des 1. Weltkriegs aus damaliger deutscher Sicht schildert.<\/p>\n\n\n<div class=\"wp-block-image\">\n<figure class=\"alignleft size-large is-resized\"><a href=\"https:\/\/amzn.to\/3Qcnbdq\"><img loading=\"lazy\" decoding=\"async\" width=\"195\" height=\"300\" src=\"https:\/\/www.benu-verlag.de\/wp-content\/uploads\/2026\/04\/Murnau1-195x300.jpg\" alt=\"\" class=\"wp-image-1455\" style=\"width:195px;height:auto\" srcset=\"https:\/\/www.benu-verlag.de\/wp-content\/uploads\/2026\/04\/Murnau1-195x300.jpg 195w, https:\/\/www.benu-verlag.de\/wp-content\/uploads\/2026\/04\/Murnau1-97x150.jpg 97w, https:\/\/www.benu-verlag.de\/wp-content\/uploads\/2026\/04\/Murnau1-768x1184.jpg 768w, https:\/\/www.benu-verlag.de\/wp-content\/uploads\/2026\/04\/Murnau1-997x1536.jpg 997w, https:\/\/www.benu-verlag.de\/wp-content\/uploads\/2026\/04\/Murnau1-1329x2048.jpg 1329w, https:\/\/www.benu-verlag.de\/wp-content\/uploads\/2026\/04\/Murnau1-325x501.jpg 325w, https:\/\/www.benu-verlag.de\/wp-content\/uploads\/2026\/04\/Murnau1-600x925.jpg 600w, https:\/\/www.benu-verlag.de\/wp-content\/uploads\/2026\/04\/Murnau1-39x60.jpg 39w, https:\/\/www.benu-verlag.de\/wp-content\/uploads\/2026\/04\/Murnau1-58x90.jpg 58w, https:\/\/www.benu-verlag.de\/wp-content\/uploads\/2026\/04\/Murnau1-scaled.jpg 1661w\" sizes=\"auto, (max-width: 195px) 100vw, 195px\" \/><\/a><figcaption class=\"wp-element-caption\"><strong>Bernward Schneider        Nosferatu &#8211; Der Tyrann: Murnaus unheimlicher Film<\/strong><\/figcaption><\/figure>\n<\/div>\n\n\n<p class=\"has-large-font-size\">Mit seinem Film &#8222;Nosferatu &#8211; Symphonie des Grauens&#8220; schuf der deutsche Regisseur Friedrich Wilhelm Murnau im Jahr 1922 ein fr\u00fches Meisterwerk des Horrorgenres. In seinem Buch &#8222;Nosferatu: Der Tyrann. Murnaus unheimlicher Film&#8220; schildert der Autor die Entstehung des Films von der Idee \u00fcber die Dreharbeiten bis hin zu seiner Erfolgsgeschichte als Klassiker des deutschen Stummfilms. Von seinem Produzenten Albin Grau als okkulter Film konzipiert und von dem Filmkritiker Siegfried Kracauer in die Reihe der Tyrannenfilme eingeordnet, kann der Film Nosferatu \u00fcber 100 Jahre nach seiner Entstehung auch als eine indirekte Warnung vor modernen Formen des Vampirismus aufgefasst werden.<\/p>\n","protected":false},"excerpt":{"rendered":"<p>Die nachstehenden Cover-Links der im Benu Verlag erschienenen B\u00fccher von Bernward Schneider f\u00fchren zu den Angebotsseiten von Amazon. Als Amazon-Partner verdiene ich eine Provision, wenn&#8230;<\/p>\n<div class=\"more-link-wrapper\"><a class=\"more-link\" href=\"https:\/\/www.benu-verlag.de\/?page_id=770\">Weiterlesen<span class=\"screen-reader-text\">Edition Benu<\/span><\/a><\/div>\n","protected":false},"author":1,"featured_media":0,"parent":0,"menu_order":0,"comment_status":"closed","ping_status":"closed","template":"","meta":{"footnotes":""},"class_list":["post-770","page","type-page","status-publish","hentry","entry"],"_links":{"self":[{"href":"https:\/\/www.benu-verlag.de\/index.php?rest_route=\/wp\/v2\/pages\/770","targetHints":{"allow":["GET"]}}],"collection":[{"href":"https:\/\/www.benu-verlag.de\/index.php?rest_route=\/wp\/v2\/pages"}],"about":[{"href":"https:\/\/www.benu-verlag.de\/index.php?rest_route=\/wp\/v2\/types\/page"}],"author":[{"embeddable":true,"href":"https:\/\/www.benu-verlag.de\/index.php?rest_route=\/wp\/v2\/users\/1"}],"replies":[{"embeddable":true,"href":"https:\/\/www.benu-verlag.de\/index.php?rest_route=%2Fwp%2Fv2%2Fcomments&post=770"}],"version-history":[{"count":35,"href":"https:\/\/www.benu-verlag.de\/index.php?rest_route=\/wp\/v2\/pages\/770\/revisions"}],"predecessor-version":[{"id":1465,"href":"https:\/\/www.benu-verlag.de\/index.php?rest_route=\/wp\/v2\/pages\/770\/revisions\/1465"}],"wp:attachment":[{"href":"https:\/\/www.benu-verlag.de\/index.php?rest_route=%2Fwp%2Fv2%2Fmedia&parent=770"}],"curies":[{"name":"wp","href":"https:\/\/api.w.org\/{rel}","templated":true}]}}